{"id":2132,"date":"2023-02-07T14:39:35","date_gmt":"2023-02-07T13:39:35","guid":{"rendered":"https:\/\/www.intocast.de\/?page_id=2132"},"modified":"2025-01-31T13:50:25","modified_gmt":"2025-01-31T12:50:25","slug":"contact","status":"publish","type":"page","link":"https:\/\/www.carboox.com\/en\/contact\/","title":{"rendered":"Contact"},"content":{"rendered":"<div id=\"pl-2132\"  class=\"panel-layout\" ><div id=\"pg-2132-0\"  class=\"panel-grid panel-has-style\" ><div class=\"slider-top siteorigin-panels-stretch panel-row-style panel-row-style-for-2132-0\" data-stretch-type=\"full-stretched\" ><div id=\"pgc-2132-0-0\"  class=\"panel-grid-cell\" ><div id=\"panel-2132-0-0-0\" class=\"so-panel widget widget_sow-anything-carousel panel-first-child\" data-index=\"0\" ><div\n\t\t\t\n\t\t\tclass=\"so-widget-sow-anything-carousel so-widget-sow-anything-carousel-base-7651c3726688-2132\"\n\t\t\t\n\t\t><div class=\"sow-carousel-title\">\n\t<\/div>\n\n<div class=\"sow-carousel-container \">\n\t\t\t<div class=\"sow-carousel-navigation sow-carousel-navigation-prev \">\n\t\t\t\t\t\t<a href=\"#\" class=\"sow-carousel-previous\" title=\"Previous\" aria-label=\"Previous Posts\" role=\"button\"><\/a>\n\t\t\t\t\t<\/div>\n\t\t<div class=\"sow-carousel-wrapper\"\n\t\tdata-dir=\"ltr\"\n\t\tstyle=\"opacity: 0;\"\n\t\tdata-widget=\"anything\" data-item_count=\"1\" data-loop=\"\" data-carousel_settings=\"{&quot;loop&quot;:true,&quot;dots&quot;:true,&quot;animation&quot;:&quot;ease&quot;,&quot;animation_speed&quot;:1500,&quot;autoplay&quot;:true,&quot;pauseOnHover&quot;:true,&quot;autoplaySpeed&quot;:5000,&quot;item_overflow&quot;:false,&quot;adaptive_height&quot;:false}\" data-responsive=\"{&quot;desktop_slides_to_scroll&quot;:1,&quot;tablet_landscape_breakpoint&quot;:1366,&quot;tablet_landscape_slides_to_scroll&quot;:1,&quot;tablet_portrait_breakpoint&quot;:1025,&quot;tablet_portrait_slides_to_scroll&quot;:1,&quot;mobile_breakpoint&quot;:480,&quot;mobile_slides_to_scroll&quot;:1,&quot;desktop_slides_to_show&quot;:1,&quot;tablet_landscape_slides_to_show&quot;:1,&quot;tablet_portrait_slides_to_show&quot;:1,&quot;mobile_slides_to_show&quot;:1}\" \t>\n\t\t<div\n\t\t\tclass=\"sow-carousel-items\"\n\t\t\t\t\t>\n\t\t\t\t<div class=\"sow-carousel-item\" tabindex=\"-1\">\n\t\t\n\t\t<div class=\"sow-carousel-content\">\n\t\t\t<div id=\"pl-w73a14738\"  class=\"panel-layout\" ><div id=\"pg-w73a14738-0\"  class=\"panel-grid panel-no-style\" ><div id=\"pgc-w73a14738-0-0\"  class=\"panel-grid-cell\" ><div id=\"panel-w73a14738-0-0-0\" class=\"so-panel widget widget_sow-image panel-first-child panel-last-child\" data-index=\"0\" ><div class=\"panel-widget-style panel-widget-style-for-w73a14738-0-0-0\" ><div\n\t\t\t\n\t\t\tclass=\"so-widget-sow-image so-widget-sow-image-default-dbf295114b96\"\n\t\t\t\n\t\t>\n<div class=\"sow-image-container\">\n\t\t<img \n\tsrc=\"https:\/\/www.carboox.com\/wp-content\/uploads\/sites\/6\/2023\/04\/Wordpicture_CARBOOX_The_experts_on_free-opening_rates_Desktop-1.png\" width=\"2560\" height=\"666\" srcset=\"https:\/\/www.carboox.com\/wp-content\/uploads\/sites\/6\/2023\/04\/Wordpicture_CARBOOX_The_experts_on_free-opening_rates_Desktop-1.png 2560w, https:\/\/www.carboox.com\/wp-content\/uploads\/sites\/6\/2023\/04\/Wordpicture_CARBOOX_The_experts_on_free-opening_rates_Desktop-1-300x78.png 300w, https:\/\/www.carboox.com\/wp-content\/uploads\/sites\/6\/2023\/04\/Wordpicture_CARBOOX_The_experts_on_free-opening_rates_Desktop-1-1024x266.png 1024w, https:\/\/www.carboox.com\/wp-content\/uploads\/sites\/6\/2023\/04\/Wordpicture_CARBOOX_The_experts_on_free-opening_rates_Desktop-1-768x200.png 768w, https:\/\/www.carboox.com\/wp-content\/uploads\/sites\/6\/2023\/04\/Wordpicture_CARBOOX_The_experts_on_free-opening_rates_Desktop-1-1536x400.png 1536w, https:\/\/www.carboox.com\/wp-content\/uploads\/sites\/6\/2023\/04\/Wordpicture_CARBOOX_The_experts_on_free-opening_rates_Desktop-1-2048x533.png 2048w\" sizes=\"(max-width: 2560px) 100vw, 2560px\" title=\"Wordpicture_CARBOOX_The_experts_on_free-opening_rates_Desktop\" alt=\"\" \t\tclass=\"so-widget-image\"\/>\n\t<\/div>\n\n<\/div><\/div><\/div><\/div><\/div><\/div>\t\t<\/div>\n\t<\/div>\n\t\t\t<\/div>\n\t\t\t<\/div>\n\n\t\t\t<div class=\"sow-carousel-navigation sow-carousel-navigation-next \">\n\t\t\t\t\t\t<a href=\"#\" class=\"sow-carousel-next\" title=\"Next\" aria-label=\"Next Posts\" role=\"button\"><\/a>\n\t\t\t\t\t<\/div>\n\t<\/div>\n<\/div><\/div><div id=\"panel-2132-0-0-1\" class=\"so-panel widget widget_sow-anything-carousel panel-last-child\" data-index=\"1\" ><div\n\t\t\t\n\t\t\tclass=\"so-widget-sow-anything-carousel so-widget-sow-anything-carousel-base-7651c3726688-2132\"\n\t\t\t\n\t\t><div class=\"sow-carousel-title\">\n\t<\/div>\n\n<div class=\"sow-carousel-container \">\n\t\t\t<div class=\"sow-carousel-navigation sow-carousel-navigation-prev \">\n\t\t\t\t\t\t<a href=\"#\" class=\"sow-carousel-previous\" title=\"Previous\" aria-label=\"Previous Posts\" role=\"button\"><\/a>\n\t\t\t\t\t<\/div>\n\t\t<div class=\"sow-carousel-wrapper\"\n\t\tdata-dir=\"ltr\"\n\t\tstyle=\"opacity: 0;\"\n\t\tdata-widget=\"anything\" data-item_count=\"1\" data-loop=\"\" data-carousel_settings=\"{&quot;loop&quot;:true,&quot;dots&quot;:true,&quot;animation&quot;:&quot;ease&quot;,&quot;animation_speed&quot;:1500,&quot;autoplay&quot;:true,&quot;pauseOnHover&quot;:true,&quot;autoplaySpeed&quot;:5000,&quot;item_overflow&quot;:false,&quot;adaptive_height&quot;:false}\" data-responsive=\"{&quot;desktop_slides_to_scroll&quot;:1,&quot;tablet_landscape_breakpoint&quot;:1366,&quot;tablet_landscape_slides_to_scroll&quot;:1,&quot;tablet_portrait_breakpoint&quot;:1025,&quot;tablet_portrait_slides_to_scroll&quot;:1,&quot;mobile_breakpoint&quot;:480,&quot;mobile_slides_to_scroll&quot;:1,&quot;desktop_slides_to_show&quot;:1,&quot;tablet_landscape_slides_to_show&quot;:1,&quot;tablet_portrait_slides_to_show&quot;:1,&quot;mobile_slides_to_show&quot;:1}\" \t>\n\t\t<div\n\t\t\tclass=\"sow-carousel-items\"\n\t\t\t\t\t>\n\t\t\t\t<div class=\"sow-carousel-item\" tabindex=\"-1\">\n\t\t\n\t\t<div class=\"sow-carousel-content\">\n\t\t\t<div id=\"pl-w7a7346de\"  class=\"panel-layout\" ><div id=\"pg-w7a7346de-0\"  class=\"panel-grid panel-no-style\" ><div id=\"pgc-w7a7346de-0-0\"  class=\"panel-grid-cell\" ><div id=\"panel-w7a7346de-0-0-0\" class=\"so-panel widget widget_sow-image panel-first-child panel-last-child\" data-index=\"0\" ><div class=\"panel-widget-style panel-widget-style-for-w7a7346de-0-0-0\" ><div\n\t\t\t\n\t\t\tclass=\"so-widget-sow-image so-widget-sow-image-default-8b5b6f678277\"\n\t\t\t\n\t\t>\n<div class=\"sow-image-container\">\n\t\t<img \n\tsrc=\"https:\/\/www.carboox.com\/wp-content\/uploads\/sites\/6\/2023\/04\/Wordpicture_CARBOOX_The_experts_on_free-opening_rates_mobil-1.png\" width=\"780\" height=\"600\" srcset=\"https:\/\/www.carboox.com\/wp-content\/uploads\/sites\/6\/2023\/04\/Wordpicture_CARBOOX_The_experts_on_free-opening_rates_mobil-1.png 780w, https:\/\/www.carboox.com\/wp-content\/uploads\/sites\/6\/2023\/04\/Wordpicture_CARBOOX_The_experts_on_free-opening_rates_mobil-1-300x231.png 300w, https:\/\/www.carboox.com\/wp-content\/uploads\/sites\/6\/2023\/04\/Wordpicture_CARBOOX_The_experts_on_free-opening_rates_mobil-1-768x591.png 768w\" sizes=\"(max-width: 780px) 100vw, 780px\" title=\"Wordpicture_CARBOOX_The_experts_on_free-opening_rates_mobil\" alt=\"\" \t\tclass=\"so-widget-image\"\/>\n\t<\/div>\n\n<\/div><\/div><\/div><\/div><\/div><\/div>\t\t<\/div>\n\t<\/div>\n\t\t\t<\/div>\n\t\t\t<\/div>\n\n\t\t\t<div class=\"sow-carousel-navigation sow-carousel-navigation-next \">\n\t\t\t\t\t\t<a href=\"#\" class=\"sow-carousel-next\" title=\"Next\" aria-label=\"Next Posts\" role=\"button\"><\/a>\n\t\t\t\t\t<\/div>\n\t<\/div>\n<\/div><\/div><\/div><\/div><\/div><div id=\"pg-2132-1\"  class=\"panel-grid panel-no-style\" ><div id=\"pgc-2132-1-0\"  class=\"panel-grid-cell\" ><div id=\"panel-2132-1-0-0\" class=\"so-panel widget widget_so-premium-mirror-widget panel-first-child panel-last-child\" data-index=\"2\" ><div\n\t\t\t\n\t\t\tclass=\"so-widget-so-premium-mirror-widget so-widget-so-premium-mirror-widget-default-d75171398898-2132\"\n\t\t\t\n\t\t><div id=\"pl-w69f76115cecb0\"  class=\"panel-layout\" ><div id=\"pg-w69f76115cecb0-0\"  class=\"panel-grid panel-no-style\" ><div id=\"pgc-w69f76115cecb0-0-0\"  class=\"panel-grid-cell\" ><div id=\"panel-w69f76115cecb0-0-0-0\" class=\"widget_text so-panel widget widget_custom_html panel-first-child panel-last-child\" data-index=\"0\" ><div class=\"widget_text affix-wrapper panel-widget-style panel-widget-style-for-w69f76115cecb0-0-0-0\" ><div class=\"textwidget custom-html-widget\"><div id=\"affix\">\n\t<ul id=\"menu-top-menue-en\" class=\"menu\"><li id=\"menu-item-5130\" class=\"menu-item menu-item-type-post_type menu-item-object-page menu-item-home menu-item-5130\"><a href=\"https:\/\/www.carboox.com\/en\/\">Home<\/a><\/li>\n<li id=\"menu-item-5131\" class=\"menu-item menu-item-type-custom menu-item-object-custom menu-item-has-children menu-item-5131\"><a href=\"#\">Company<\/a>\n<ul class=\"sub-menu\">\n\t<li id=\"menu-item-5132\" class=\"menu-item menu-item-type-post_type menu-item-object-page menu-item-5132\"><a href=\"https:\/\/www.carboox.com\/en\/company\/\">About us<\/a><\/li>\n\t<li id=\"menu-item-5133\" class=\"menu-item menu-item-type-post_type menu-item-object-page menu-item-5133\"><a href=\"https:\/\/www.carboox.com\/en\/company\/global-policy\/\">Global Policy<\/a><\/li>\n\t<li id=\"menu-item-5134\" class=\"menu-item menu-item-type-post_type menu-item-object-page menu-item-5134\"><a href=\"https:\/\/www.carboox.com\/en\/company\/research-development\/\">Research &#038; Development<\/a><\/li>\n<\/ul>\n<\/li>\n<li id=\"menu-item-5135\" class=\"menu-item menu-item-type-custom menu-item-object-custom menu-item-has-children menu-item-5135\"><a href=\"#\">Products &#038; Applications<\/a>\n<ul class=\"sub-menu\">\n\t<li id=\"menu-item-5136\" class=\"menu-item menu-item-type-post_type menu-item-object-page menu-item-5136\"><a href=\"https:\/\/www.carboox.com\/en\/products-applications\/\">Overview<\/a><\/li>\n\t<li id=\"menu-item-5137\" class=\"menu-item menu-item-type-post_type menu-item-object-page menu-item-5137\"><a href=\"https:\/\/www.carboox.com\/en\/products-applications\/equipment\/\">Equipment<\/a><\/li>\n\t<li id=\"menu-item-5138\" class=\"menu-item menu-item-type-post_type menu-item-object-page menu-item-5138\"><a href=\"https:\/\/www.carboox.com\/en\/products-applications\/well-filler\/\">Well Filler<\/a><\/li>\n\t<li id=\"menu-item-5139\" class=\"menu-item menu-item-type-post_type menu-item-object-page menu-item-5139\"><a href=\"https:\/\/www.carboox.com\/en\/products-applications\/dap\/\">DAP<\/a><\/li>\n<\/ul>\n<\/li>\n<li id=\"menu-item-5140\" class=\"contact menu-item menu-item-type-post_type menu-item-object-page menu-item-5140\"><a href=\"https:\/\/www.carboox.com\/en\/contact\/\">Contact<\/a><\/li>\n<\/ul>\n<\/div><\/div><\/div><\/div><\/div><\/div><\/div><\/div><\/div><\/div><\/div><div id=\"pg-2132-2\"  class=\"panel-grid panel-no-style\" ><div id=\"pgc-2132-2-0\"  class=\"panel-grid-cell\" ><div id=\"panel-2132-2-0-0\" class=\"widget_text so-panel widget widget_custom_html panel-first-child panel-last-child\" data-index=\"3\" ><div class=\"widget_text panel-widget-style panel-widget-style-for-2132-2-0-0\" ><div class=\"textwidget custom-html-widget\"><div class=\"spacer\"><\/div><\/div><\/div><\/div><\/div><\/div><div id=\"pg-2132-3\"  class=\"panel-grid panel-has-style\" ><div class=\"panel-row-style panel-row-style-for-2132-3\" ><div id=\"pgc-2132-3-0\"  class=\"panel-grid-cell\" ><div id=\"panel-2132-3-0-0\" class=\"so-panel widget widget_sow-editor panel-first-child panel-last-child\" data-index=\"4\" ><div\n\t\t\t\n\t\t\tclass=\"so-widget-sow-editor so-widget-sow-editor-base\"\n\t\t\t\n\t\t>\n<div class=\"siteorigin-widget-tinymce textwidget\">\n\t<p><strong>CARBOOX Resende Ind\u00fastria e Com\u00e9rcio de Refrat\u00e1rios Ltda.<\/strong><\/p>\n<p>Rodovia Presidente Dutra, Km 298,8 - Parque Industrial<\/p>\n<p>Resende - Rio de Janeiro - Brasil<\/p>\n<p>ZIP CODE: 27.537-000<\/p>\n<p>Phone: + 55 (24) 3512-3065<\/p>\n<\/div>\n<\/div><\/div><\/div><\/div><\/div><div id=\"pg-2132-4\"  class=\"panel-grid panel-no-style\" ><div id=\"pgc-2132-4-0\"  class=\"panel-grid-cell\" ><div id=\"panel-2132-4-0-0\" class=\"widget_text so-panel widget widget_custom_html panel-first-child panel-last-child\" data-index=\"5\" ><div class=\"widget_text panel-widget-style panel-widget-style-for-2132-4-0-0\" ><div class=\"textwidget custom-html-widget\"><div class=\"spacer\"><\/div><\/div><\/div><\/div><\/div><\/div><div id=\"pg-2132-5\"  class=\"panel-grid panel-has-style\" ><div class=\"panel-row-style panel-row-style-for-2132-5\" ><div id=\"pgc-2132-5-0\"  class=\"panel-grid-cell\" ><div id=\"panel-2132-5-0-0\" class=\"so-panel widget widget_sow-editor panel-first-child panel-last-child\" data-index=\"6\" ><div\n\t\t\t\n\t\t\tclass=\"so-widget-sow-editor so-widget-sow-editor-base\"\n\t\t\t\n\t\t>\n<div class=\"siteorigin-widget-tinymce textwidget\">\n\t<p><strong>Please direct your questions to our team in the form below.<\/strong><\/p>\n<\/div>\n<\/div><\/div><\/div><\/div><\/div><div id=\"pg-2132-6\"  class=\"panel-grid panel-has-style\" ><div class=\"intocast-form-wrapper panel-row-style panel-row-style-for-2132-6\" ><div id=\"pgc-2132-6-0\"  class=\"panel-grid-cell\" ><div id=\"panel-2132-6-0-0\" class=\"so-panel widget widget_sow-editor panel-first-child panel-last-child\" data-index=\"7\" ><div\n\t\t\t\n\t\t\tclass=\"so-widget-sow-editor so-widget-sow-editor-base\"\n\t\t\t\n\t\t>\n<div class=\"siteorigin-widget-tinymce textwidget\">\n\t\n<div class=\"wpcf7 no-js\" id=\"wpcf7-f3339-o1\" lang=\"en-US\" dir=\"ltr\" data-wpcf7-id=\"3339\">\n<div class=\"screen-reader-response\"><p role=\"status\" aria-live=\"polite\" aria-atomic=\"true\"><\/p> <ul><\/ul><\/div>\n<form action=\"\/en\/wp-json\/wp\/v2\/pages\/2132#wpcf7-f3339-o1\" method=\"post\" class=\"wpcf7-form init wpcf7-acceptance-as-validation\" aria-label=\"Contact form\" novalidate=\"novalidate\" data-status=\"init\">\n<fieldset class=\"hidden-fields-container\"><input type=\"hidden\" name=\"_wpcf7\" value=\"3339\" \/><input type=\"hidden\" name=\"_wpcf7_version\" value=\"6.1.1\" \/><input type=\"hidden\" name=\"_wpcf7_locale\" value=\"en_US\" \/><input type=\"hidden\" name=\"_wpcf7_unit_tag\" value=\"wpcf7-f3339-o1\" \/><input type=\"hidden\" name=\"_wpcf7_container_post\" value=\"0\" \/><input type=\"hidden\" name=\"_wpcf7_posted_data_hash\" value=\"\" \/>\n<\/fieldset>\n<p><label> Company*<br \/>\n<span class=\"wpcf7-form-control-wrap\" data-name=\"form-company\"><input size=\"40\" maxlength=\"400\" class=\"wpcf7-form-control wpcf7-text wpcf7-validates-as-required\" aria-required=\"true\" aria-invalid=\"false\" value=\"\" type=\"text\" name=\"form-company\" \/><\/span> <\/label>\n<\/p>\n<p><label> Name*<br \/>\n<span class=\"wpcf7-form-control-wrap\" data-name=\"form-name\"><input size=\"40\" maxlength=\"400\" class=\"wpcf7-form-control wpcf7-text wpcf7-validates-as-required\" aria-required=\"true\" aria-invalid=\"false\" value=\"\" type=\"text\" name=\"form-name\" \/><\/span> <\/label>\n<\/p>\n<p><label> Position<br \/>\n<span class=\"wpcf7-form-control-wrap\" data-name=\"form-rank\"><input size=\"40\" maxlength=\"400\" class=\"wpcf7-form-control wpcf7-text\" aria-invalid=\"false\" value=\"\" type=\"text\" name=\"form-rank\" \/><\/span> <\/label>\n<\/p>\n<p><label> Address<br \/>\n<span class=\"wpcf7-form-control-wrap\" data-name=\"form-address\"><input size=\"40\" maxlength=\"400\" class=\"wpcf7-form-control wpcf7-text\" aria-invalid=\"false\" value=\"\" type=\"text\" name=\"form-address\" \/><\/span> <\/label>\n<\/p>\n<p><label> City<br \/>\n<span class=\"wpcf7-form-control-wrap\" data-name=\"form-city\"><input size=\"40\" maxlength=\"400\" class=\"wpcf7-form-control wpcf7-text\" aria-invalid=\"false\" value=\"\" type=\"text\" name=\"form-city\" \/><\/span> <\/label>\n<\/p>\n<p><label> State<br \/>\n<span class=\"wpcf7-form-control-wrap\" data-name=\"form-state\"><input size=\"40\" maxlength=\"400\" class=\"wpcf7-form-control wpcf7-text\" aria-invalid=\"false\" value=\"\" type=\"text\" name=\"form-state\" \/><\/span> <\/label>\n<\/p>\n<p><label> ZIP-Code<br \/>\n<span class=\"wpcf7-form-control-wrap\" data-name=\"form-zip\"><input size=\"40\" maxlength=\"400\" class=\"wpcf7-form-control wpcf7-text\" aria-invalid=\"false\" value=\"\" type=\"text\" name=\"form-zip\" \/><\/span> <\/label>\n<\/p>\n<p><label> Country<br \/>\n<span class=\"wpcf7-form-control-wrap\" data-name=\"form-country\"><input size=\"40\" maxlength=\"400\" class=\"wpcf7-form-control wpcf7-text\" aria-invalid=\"false\" value=\"\" type=\"text\" name=\"form-country\" \/><\/span> <\/label>\n<\/p>\n<p><label> Phone<br \/>\n<span class=\"wpcf7-form-control-wrap\" data-name=\"form-tel\"><input size=\"40\" maxlength=\"400\" class=\"wpcf7-form-control wpcf7-tel wpcf7-text wpcf7-validates-as-tel\" aria-invalid=\"false\" value=\"\" type=\"tel\" name=\"form-tel\" \/><\/span> <\/label>\n<\/p>\n<p><label> E-mail*<br \/>\n<span class=\"wpcf7-form-control-wrap\" data-name=\"form-email\"><input size=\"40\" maxlength=\"400\" class=\"wpcf7-form-control wpcf7-email wpcf7-validates-as-required wpcf7-text wpcf7-validates-as-email\" aria-required=\"true\" aria-invalid=\"false\" value=\"\" type=\"email\" name=\"form-email\" \/><\/span> <\/label>\n<\/p>\n<p><label> Message*<br \/>\n<span class=\"wpcf7-form-control-wrap\" data-name=\"form-message\"><textarea cols=\"40\" rows=\"10\" maxlength=\"2000\" class=\"wpcf7-form-control wpcf7-textarea wpcf7-validates-as-required\" aria-required=\"true\" aria-invalid=\"false\" name=\"form-message\"><\/textarea><\/span> <\/label>\n<\/p>\n<p><div class=\"f12-captcha template-2\">\r\n    <div class=\"c-header\">\r\n        <!-- Label korrekt mit `for` verkn\u00fcpfen -->\r\n        <div class=\"c-label\">\r\n            <label for=\"c_24fde3e81d797a7262a2\">\r\n\t\t\t\tCaptcha            <\/label>\r\n        <\/div>\r\n\r\n        <!-- CAPTCHA-Daten mit Aria LIVE markieren -->\r\n        <div class=\"c-data\" aria-live=\"polite\" aria-atomic=\"true\" aria-describedby=\"captcha-instructions\">\r\n\t\t\t<span class=\"captcha-calculation\">10 - 2 = ?<\/span>        <\/div>\r\n\r\n        <!-- CAPTCHA Reload mit Tastenzug\u00e4nglichkeit -->\r\n        <div class=\"c-reload\" role=\"button\" tabindex=\"0\" aria-label=\"CAPTCHA neu laden\">\r\n\t\t\t<a href=\"javascript:void(0);\" class=\"cf7 captcha-reload\" title=\"Reload Captcha\"><img decoding=\"async\" style=\"margin-top:5px;\" src=\"https:\/\/www.carboox.com\/wp-content\/plugins\/captcha-for-contact-form-7\/core\/assets\/reload-icon.png\" alt=\"Reload\"\/><\/a>        <\/div>\r\n    <\/div>\r\n\r\n    <!-- Versteckte Eingabewerte -->\r\n    <input type=\"hidden\" id=\"hash_c_24fde3e81d797a7262a2\"\r\n           name=\"carboox_f12_hash\"\r\n           value=\"$2y$10$Cc4vaMRN6R09m5CMDyU6D.nleyQ8WkD98QVN7R7YctSjXdDByBQOC\"\/>\r\n\r\n    <!-- Eingabefeld mit Barrierefreiheitsattributen -->\r\n    <div class=\"\" >\r\n        <input class=\"f12c  wpcf7-form-control wpcf7-f12_captcha wpcf7-validates-as-captcha\"\r\n               data-method=\"math\" aria-required=&quot;true&quot;                type=\"text\"\r\n               id=\"c_24fde3e81d797a7262a2\"\r\n               name=\"carboox_f12\"\r\n               placeholder=\"Captcha\"\r\n               value=\"\"\r\n               aria-required=\"true\"\r\n               aria-describedby=\"captcha-instructions\"\/>\r\n    <\/div>\r\n\r\n    <!-- Screenreader-Hinweise -->\r\n    <p id=\"captcha-instructions\" class=\"screen-reader-text\">\r\n\t\tBitte geben Sie die im CAPTCHA angezeigten Zeichen ein, um sicherzustellen, dass Sie ein Mensch sind.    <\/p>\r\n<\/div>\n<\/p>\n<p><label> Privacy Policy*<br \/>\n<span class=\"wpcf7-form-control-wrap\" data-name=\"form-acceptance\"><span class=\"wpcf7-form-control wpcf7-acceptance\"><span class=\"wpcf7-list-item\"><label><input type=\"checkbox\" name=\"form-acceptance\" value=\"1\" aria-invalid=\"false\" \/><span class=\"wpcf7-list-item-label\">I confirm that I have read the <a href=\"\/en\/privacy-policy\" target=\"_blank\">Privacy Policy<\/a>. I agree that my data will be collected and stored electronically to answer my question.<\/span><\/label><\/span><\/span><\/span> <\/label>\n<\/p>\n<p><p><span class=\"wpcf7-form-control-wrap\"><input id=\"f12_captcha\" type=\"text\" style=\"visibility:hidden!important; opacity:1!important; height:0!important; width:0!important; margin:0!important; padding:0!important;\" name=\"f12_captcha\" value=\"\"\/><\/span><\/p><input class=\"wpcf7-form-control wpcf7-submit has-spinner\" type=\"submit\" value=\"Submit\" \/>\n<\/p><div class=\"wpcf7-response-output\" aria-hidden=\"true\"><\/div>\n<\/form>\n<\/div>\n\n<\/div>\n<\/div><\/div><\/div><\/div><\/div><\/div>","protected":false},"excerpt":{"rendered":"<p>Home Company About us Global Policy Research &#038; Development Products &#038; Applications Overview Equipment Well Filler DAP Contact CARBOOX Resende Ind\u00fastria e Com\u00e9rcio de Refrat\u00e1rios Ltda. Rodovia Presidente Dutra, Km 298,8 &#8211; Parque Industrial Resende &#8211; Rio de Janeiro &#8211; Brasil ZIP CODE: 27.537-000 Phone: + 55 (24) 3512-3065 Please direct your questions to our &#8230;<\/p>\n","protected":false},"author":1,"featured_media":0,"parent":0,"menu_order":0,"comment_status":"closed","ping_status":"closed","template":"","meta":{"footnotes":""},"class_list":["post-2132","page","type-page","status-publish"],"_links":{"self":[{"href":"https:\/\/www.carboox.com\/en\/wp-json\/wp\/v2\/pages\/2132","targetHints":{"allow":["GET"]}}],"collection":[{"href":"https:\/\/www.carboox.com\/en\/wp-json\/wp\/v2\/pages"}],"about":[{"href":"https:\/\/www.carboox.com\/en\/wp-json\/wp\/v2\/types\/page"}],"author":[{"embeddable":true,"href":"https:\/\/www.carboox.com\/en\/wp-json\/wp\/v2\/users\/1"}],"replies":[{"embeddable":true,"href":"https:\/\/www.carboox.com\/en\/wp-json\/wp\/v2\/comments?post=2132"}],"version-history":[{"count":20,"href":"https:\/\/www.carboox.com\/en\/wp-json\/wp\/v2\/pages\/2132\/revisions"}],"predecessor-version":[{"id":5593,"href":"https:\/\/www.carboox.com\/en\/wp-json\/wp\/v2\/pages\/2132\/revisions\/5593"}],"wp:attachment":[{"href":"https:\/\/www.carboox.com\/en\/wp-json\/wp\/v2\/media?parent=2132"}],"curies":[{"name":"wp","href":"https:\/\/api.w.org\/{rel}","templated":true}]}}